{"id":70,"date":"2025-06-13T08:04:16","date_gmt":"2025-06-13T08:04:16","guid":{"rendered":"https:\/\/grupoananta.com\/?page_id=70"},"modified":"2025-08-19T14:03:25","modified_gmt":"2025-08-19T14:03:25","slug":"trabaja-con-nosotros","status":"publish","type":"page","link":"https:\/\/grupoananta.com\/en\/trabaja-con-nosotros\/","title":{"rendered":"Work with us"},"content":{"rendered":"\t\t<div data-elementor-type=\"wp-page\" data-elementor-id=\"70\" class=\"elementor elementor-70\" data-elementor-post-type=\"page\">\n\t\t\t\t<div class=\"elementor-element elementor-element-736d17d e-flex e-con-boxed e-con e-parent\" data-id=\"736d17d\" data-element_type=\"container\" data-e-type=\"container\" data-settings=\"{&quot;background_background&quot;:&quot;classic&quot;}\">\n\t\t\t\t\t<div class=\"e-con-inner\">\n\t\t<div class=\"elementor-element elementor-element-04f4cbc e-con-full e-flex e-con e-child\" data-id=\"04f4cbc\" data-element_type=\"container\" data-e-type=\"container\">\n\t\t\t\t<div class=\"elementor-element elementor-element-7bed26e elementor-widget elementor-widget-image\" data-id=\"7bed26e\" data-element_type=\"widget\" data-e-type=\"widget\" data-widget_type=\"image.default\">\n\t\t\t\t<div class=\"elementor-widget-container\">\n\t\t\t\t\t\t\t\t\t\t\t\t\t\t\t<img fetchpriority=\"high\" decoding=\"async\" width=\"500\" height=\"286\" src=\"https:\/\/grupoananta.com\/wp-content\/uploads\/2025\/06\/Logotipo-grupo.png\" class=\"attachment-large size-large wp-image-637\" alt=\"\" srcset=\"https:\/\/grupoananta.com\/wp-content\/uploads\/2025\/06\/Logotipo-grupo.png 500w, https:\/\/grupoananta.com\/wp-content\/uploads\/2025\/06\/Logotipo-grupo-300x172.png 300w, https:\/\/grupoananta.com\/wp-content\/uploads\/2025\/06\/Logotipo-grupo-18x10.png 18w\" sizes=\"(max-width: 500px) 100vw, 500px\" \/>\t\t\t\t\t\t\t\t\t\t\t\t\t\t\t<\/div>\n\t\t\t\t<\/div>\n\t\t\t\t<div class=\"elementor-element elementor-element-8f7a8ff elementor-widget elementor-widget-heading\" data-id=\"8f7a8ff\" data-element_type=\"widget\" data-e-type=\"widget\" data-widget_type=\"heading.default\">\n\t\t\t\t<div class=\"elementor-widget-container\">\n\t\t\t\t\t<h2 class=\"elementor-heading-title elementor-size-default\">Franquicias<br><\/h2>\t\t\t\t<\/div>\n\t\t\t\t<\/div>\n\t\t\t\t<div class=\"elementor-element elementor-element-05c717e elementor-widget elementor-widget-heading\" data-id=\"05c717e\" data-element_type=\"widget\" data-e-type=\"widget\" data-widget_type=\"heading.default\">\n\t\t\t\t<div class=\"elementor-widget-container\">\n\t\t\t\t\t<h2 class=\"elementor-heading-title elementor-size-default\">Trabaja con<br>nosotros<\/h2>\t\t\t\t<\/div>\n\t\t\t\t<\/div>\n\t\t\t\t<div class=\"elementor-element elementor-element-df8c17c elementor-widget elementor-widget-heading\" data-id=\"df8c17c\" data-element_type=\"widget\" data-e-type=\"widget\" data-widget_type=\"heading.default\">\n\t\t\t\t<div class=\"elementor-widget-container\">\n\t\t\t\t\t<h2 class=\"elementor-heading-title elementor-size-default\">Invierte<\/h2>\t\t\t\t<\/div>\n\t\t\t\t<\/div>\n\t\t\t\t<\/div>\n\t\t<div class=\"elementor-element elementor-element-3e32282 e-con-full e-flex e-con e-child\" data-id=\"3e32282\" data-element_type=\"container\" data-e-type=\"container\">\n\t\t<div class=\"elementor-element elementor-element-307abe9 e-con-full e-flex e-con e-child\" data-id=\"307abe9\" data-element_type=\"container\" data-e-type=\"container\" data-settings=\"{&quot;background_background&quot;:&quot;classic&quot;}\">\n\t\t<div class=\"elementor-element elementor-element-57bc2ff e-con-full e-flex e-con e-child\" data-id=\"57bc2ff\" data-element_type=\"container\" data-e-type=\"container\">\n\t\t\t\t<div class=\"elementor-element elementor-element-13a4d94 elementor-widget elementor-widget-button\" data-id=\"13a4d94\" data-element_type=\"widget\" data-e-type=\"widget\" data-widget_type=\"button.default\">\n\t\t\t\t<div class=\"elementor-widget-container\">\n\t\t\t\t\t\t\t\t\t<div class=\"elementor-button-wrapper\">\n\t\t\t\t\t<a class=\"elementor-button elementor-button-link elementor-size-sm\" href=\"https:\/\/grupoananta.com\/\">\n\t\t\t\t\t\t<span class=\"elementor-button-content-wrapper\">\n\t\t\t\t\t\t\t\t\t<span class=\"elementor-button-text\">Volver<\/span>\n\t\t\t\t\t<\/span>\n\t\t\t\t\t<\/a>\n\t\t\t\t<\/div>\n\t\t\t\t\t\t\t\t<\/div>\n\t\t\t\t<\/div>\n\t\t\t\t<div class=\"elementor-element elementor-element-a0ca1fb elementor-widget elementor-widget-heading\" data-id=\"a0ca1fb\" data-element_type=\"widget\" data-e-type=\"widget\" data-widget_type=\"heading.default\">\n\t\t\t\t<div class=\"elementor-widget-container\">\n\t\t\t\t\t<h2 class=\"elementor-heading-title elementor-size-default\">Cont\u00e1ctanos<\/h2>\t\t\t\t<\/div>\n\t\t\t\t<\/div>\n\t\t\t\t<div class=\"elementor-element elementor-element-be5babf elementor-widget elementor-widget-text-editor\" data-id=\"be5babf\" data-element_type=\"widget\" data-e-type=\"widget\" data-widget_type=\"text-editor.default\">\n\t\t\t\t<div class=\"elementor-widget-container\">\n\t\t\t\t\t\t\t\t\t<p>\u00a1Escr\u00edbenos y crece con nosotros!<\/p>\t\t\t\t\t\t\t\t<\/div>\n\t\t\t\t<\/div>\n\t\t\t\t<div class=\"elementor-element elementor-element-2997da4 elementor-widget elementor-widget-heading\" data-id=\"2997da4\" data-element_type=\"widget\" data-e-type=\"widget\" data-widget_type=\"heading.default\">\n\t\t\t\t<div class=\"elementor-widget-container\">\n\t\t\t\t\t<h2 class=\"elementor-heading-title elementor-size-default\">Informaci\u00f3n de contacto<\/h2>\t\t\t\t<\/div>\n\t\t\t\t<\/div>\n\t\t\t\t<div class=\"elementor-element elementor-element-a522cc9 elementor-button-align-stretch elementor-widget elementor-widget-form\" data-id=\"a522cc9\" data-element_type=\"widget\" data-e-type=\"widget\" data-settings=\"{&quot;step_next_label&quot;:&quot;Siguiente&quot;,&quot;step_previous_label&quot;:&quot;Anterior&quot;,&quot;button_width&quot;:&quot;100&quot;,&quot;step_type&quot;:&quot;number_text&quot;,&quot;step_icon_shape&quot;:&quot;circle&quot;}\" data-widget_type=\"form.default\">\n\t\t\t\t<div class=\"elementor-widget-container\">\n\t\t\t\t\t\t\t<form class=\"elementor-form\" method=\"post\" name=\"TrabajaConNosotros\" aria-label=\"TrabajaConNosotros\">\n\t\t\t<input type=\"hidden\" name=\"post_id\" value=\"70\"\/>\n\t\t\t<input type=\"hidden\" name=\"form_id\" value=\"a522cc9\"\/>\n\t\t\t<input type=\"hidden\" name=\"referer_title\" value=\"Trabaja con nosotros - Grupo Ananta\" \/>\n\n\t\t\t\t\t\t\t<input type=\"hidden\" name=\"queried_id\" value=\"70\"\/>\n\t\t\t\n\t\t\t<div class=\"elementor-form-fields-wrapper elementor-labels-above\">\n\t\t\t\t\t\t\t\t<div class=\"elementor-field-type-text elementor-field-group elementor-column elementor-field-group-name elementor-col-100 elementor-field-required elementor-mark-required\">\n\t\t\t\t\t\t\t\t\t\t\t\t<label for=\"form-field-name\" class=\"elementor-field-label\">\n\t\t\t\t\t\t\t\tNombre completo\t\t\t\t\t\t\t<\/label>\n\t\t\t\t\t\t\t\t\t\t\t\t\t\t<input size=\"1\" type=\"text\" name=\"form_fields[name]\" id=\"form-field-name\" class=\"elementor-field elementor-size-xs  elementor-field-textual\" placeholder=\"Nombre\" required=\"required\">\n\t\t\t\t\t\t\t\t\t\t\t<\/div>\n\t\t\t\t\t\t\t\t<div class=\"elementor-field-type-text elementor-field-group elementor-column elementor-field-group-field_b6263a9 elementor-col-100 elementor-field-required elementor-mark-required\">\n\t\t\t\t\t\t\t\t\t\t\t\t<label for=\"form-field-field_b6263a9\" class=\"elementor-field-label\">\n\t\t\t\t\t\t\t\tN\u00famero de tel\u00e9fono\t\t\t\t\t\t\t<\/label>\n\t\t\t\t\t\t\t\t\t\t\t\t\t\t<input size=\"1\" type=\"text\" name=\"form_fields[field_b6263a9]\" id=\"form-field-field_b6263a9\" class=\"elementor-field elementor-size-xs  elementor-field-textual\" placeholder=\"N\u00famero\" required=\"required\">\n\t\t\t\t\t\t\t\t\t\t\t<\/div>\n\t\t\t\t\t\t\t\t<div class=\"elementor-field-type-select elementor-field-group elementor-column elementor-field-group-field_3ad8f54 elementor-col-100 elementor-field-required elementor-mark-required\">\n\t\t\t\t\t\t\t\t\t\t\t\t<label for=\"form-field-field_3ad8f54\" class=\"elementor-field-label\">\n\t\t\t\t\t\t\t\tSolicitud\t\t\t\t\t\t\t<\/label>\n\t\t\t\t\t\t\t\t<div class=\"elementor-field elementor-select-wrapper remove-before \">\n\t\t\t<div class=\"select-caret-down-wrapper\">\n\t\t\t\t<svg aria-hidden=\"true\" class=\"e-font-icon-svg e-eicon-caret-down\" viewBox=\"0 0 571.4 571.4\" xmlns=\"http:\/\/www.w3.org\/2000\/svg\"><path d=\"M571 393Q571 407 561 418L311 668Q300 679 286 679T261 668L11 418Q0 407 0 393T11 368 36 357H536Q550 357 561 368T571 393Z\"><\/path><\/svg>\t\t\t<\/div>\n\t\t\t<select name=\"form_fields[field_3ad8f54]\" id=\"form-field-field_3ad8f54\" class=\"elementor-field-textual elementor-size-xs\" required=\"required\">\n\t\t\t\t\t\t\t\t\t<option value=\"Abre tu franquicia\">Abre tu franquicia<\/option>\n\t\t\t\t\t\t\t\t\t<option value=\"Invierte\">Invierte<\/option>\n\t\t\t\t\t\t\t\t\t<option value=\"Trabaja con nosotros\">Trabaja con nosotros<\/option>\n\t\t\t\t\t\t\t<\/select>\n\t\t<\/div>\n\t\t\t\t\t\t<\/div>\n\t\t\t\t\t\t\t\t<div class=\"elementor-field-type-textarea elementor-field-group elementor-column elementor-field-group-message elementor-col-100 elementor-field-required elementor-mark-required\">\n\t\t\t\t\t\t\t\t\t\t\t\t<label for=\"form-field-message\" class=\"elementor-field-label\">\n\t\t\t\t\t\t\t\tM\u00e1s informaci\u00f3n\t\t\t\t\t\t\t<\/label>\n\t\t\t\t\t\t<textarea class=\"elementor-field-textual elementor-field  elementor-size-xs\" name=\"form_fields[message]\" id=\"form-field-message\" rows=\"1\" placeholder=\"Mensaje\" required=\"required\"><\/textarea>\t\t\t\t<\/div>\n\t\t\t\t\t\t\t\t<div class=\"elementor-field-group elementor-column elementor-field-type-submit elementor-col-100 e-form__buttons\">\n\t\t\t\t\t<button class=\"elementor-button elementor-size-sm\" type=\"submit\">\n\t\t\t\t\t\t<span class=\"elementor-button-content-wrapper\">\n\t\t\t\t\t\t\t\t\t\t\t\t\t\t\t\t\t\t\t\t\t\t<span class=\"elementor-button-text\">Enviar<\/span>\n\t\t\t\t\t\t\t\t\t\t\t\t\t<\/span>\n\t\t\t\t\t<\/button>\n\t\t\t\t<\/div>\n\t\t\t<\/div>\n\t\t<\/form>\n\t\t\t\t\t\t<\/div>\n\t\t\t\t<\/div>\n\t\t\t\t<\/div>\n\t\t<div class=\"elementor-element elementor-element-bd69cdf e-con-full elementor-hidden-mobile e-flex e-con e-child\" data-id=\"bd69cdf\" data-element_type=\"container\" data-e-type=\"container\" data-settings=\"{&quot;background_background&quot;:&quot;classic&quot;}\">\n\t\t\t\t<\/div>\n\t\t\t\t<\/div>\n\t\t\t\t<\/div>\n\t\t\t\t\t<\/div>\n\t\t\t\t<\/div>\n\t\t\t\t<\/div>\n\t\t","protected":false},"excerpt":{"rendered":"<p>Franchises Work with us Invest Return Contact us Write to us and grow with us! Contact information<\/p>","protected":false},"author":1,"featured_media":341,"parent":0,"menu_order":0,"comment_status":"closed","ping_status":"closed","template":"","meta":{"footnotes":""},"class_list":["post-70","page","type-page","status-publish","has-post-thumbnail","hentry"],"blocksy_meta":{"has_hero_section":"disabled","vertical_spacing_source":"custom","content_area_spacing":"none","styles_descriptor":{"styles":{"desktop":"","tablet":"","mobile":""},"google_fonts":[],"version":6}},"yoast_head":"<!-- This site is optimized with the Yoast SEO plugin v27.4 - https:\/\/yoast.com\/product\/yoast-seo-wordpress\/ -->\n<title>Trabaja con nosotros - Grupo Ananta<\/title>\n<meta name=\"description\" content=\"Trabaja con nosotros, Grupo Ananta un grupo empresarial de referencia en el sector de la restauraci\u00f3n en M\u00e1laga. Es la uni\u00f3n de Grupo Amigos y Grupo Laguna.\" \/>\n<meta name=\"robots\" content=\"index, follow, max-snippet:-1, max-image-preview:large, max-video-preview:-1\" \/>\n<link rel=\"canonical\" href=\"https:\/\/grupoananta.com\/en\/trabaja-con-nosotros\/\" \/>\n<meta property=\"og:locale\" content=\"en_GB\" \/>\n<meta property=\"og:type\" content=\"article\" \/>\n<meta property=\"og:title\" content=\"Trabaja con nosotros - Grupo Ananta\" \/>\n<meta property=\"og:description\" content=\"Trabaja con nosotros, Grupo Ananta un grupo empresarial de referencia en el sector de la restauraci\u00f3n en M\u00e1laga. Es la uni\u00f3n de Grupo Amigos y Grupo Laguna.\" \/>\n<meta property=\"og:url\" content=\"https:\/\/grupoananta.com\/en\/trabaja-con-nosotros\/\" \/>\n<meta property=\"og:site_name\" content=\"Grupo Ananta\" \/>\n<meta property=\"article:publisher\" content=\"https:\/\/www.instagram.com\/grupo.ananta\/\" \/>\n<meta property=\"article:modified_time\" content=\"2025-08-19T14:03:25+00:00\" \/>\n<meta property=\"og:image\" content=\"https:\/\/grupoananta.com\/wp-content\/uploads\/2025\/06\/Crece-con-nosotros.jpg\" \/>\n\t<meta property=\"og:image:width\" content=\"1500\" \/>\n\t<meta property=\"og:image:height\" content=\"1408\" \/>\n\t<meta property=\"og:image:type\" content=\"image\/jpeg\" \/>\n<meta name=\"twitter:card\" content=\"summary_large_image\" \/>\n<meta name=\"twitter:label1\" content=\"Estimated reading time\" \/>\n\t<meta name=\"twitter:data1\" content=\"1 minute\" \/>\n<script type=\"application\/ld+json\" class=\"yoast-schema-graph\">{\"@context\":\"https:\\\/\\\/schema.org\",\"@graph\":[{\"@type\":\"WebPage\",\"@id\":\"https:\\\/\\\/grupoananta.com\\\/trabaja-con-nosotros\\\/\",\"url\":\"https:\\\/\\\/grupoananta.com\\\/trabaja-con-nosotros\\\/\",\"name\":\"Trabaja con nosotros - Grupo Ananta\",\"isPartOf\":{\"@id\":\"https:\\\/\\\/grupoananta.com\\\/#website\"},\"primaryImageOfPage\":{\"@id\":\"https:\\\/\\\/grupoananta.com\\\/trabaja-con-nosotros\\\/#primaryimage\"},\"image\":{\"@id\":\"https:\\\/\\\/grupoananta.com\\\/trabaja-con-nosotros\\\/#primaryimage\"},\"thumbnailUrl\":\"https:\\\/\\\/grupoananta.com\\\/wp-content\\\/uploads\\\/2025\\\/06\\\/Crece-con-nosotros.jpg\",\"datePublished\":\"2025-06-13T08:04:16+00:00\",\"dateModified\":\"2025-08-19T14:03:25+00:00\",\"description\":\"Trabaja con nosotros, Grupo Ananta un grupo empresarial de referencia en el sector de la restauraci\u00f3n en M\u00e1laga. Es la uni\u00f3n de Grupo Amigos y Grupo Laguna.\",\"breadcrumb\":{\"@id\":\"https:\\\/\\\/grupoananta.com\\\/trabaja-con-nosotros\\\/#breadcrumb\"},\"inLanguage\":\"en-GB\",\"potentialAction\":[{\"@type\":\"ReadAction\",\"target\":[\"https:\\\/\\\/grupoananta.com\\\/trabaja-con-nosotros\\\/\"]}]},{\"@type\":\"ImageObject\",\"inLanguage\":\"en-GB\",\"@id\":\"https:\\\/\\\/grupoananta.com\\\/trabaja-con-nosotros\\\/#primaryimage\",\"url\":\"https:\\\/\\\/grupoananta.com\\\/wp-content\\\/uploads\\\/2025\\\/06\\\/Crece-con-nosotros.jpg\",\"contentUrl\":\"https:\\\/\\\/grupoananta.com\\\/wp-content\\\/uploads\\\/2025\\\/06\\\/Crece-con-nosotros.jpg\",\"width\":1500,\"height\":1408},{\"@type\":\"BreadcrumbList\",\"@id\":\"https:\\\/\\\/grupoananta.com\\\/trabaja-con-nosotros\\\/#breadcrumb\",\"itemListElement\":[{\"@type\":\"ListItem\",\"position\":1,\"name\":\"Portada\",\"item\":\"https:\\\/\\\/grupoananta.com\\\/\"},{\"@type\":\"ListItem\",\"position\":2,\"name\":\"Trabaja con nosotros\"}]},{\"@type\":\"WebSite\",\"@id\":\"https:\\\/\\\/grupoananta.com\\\/#website\",\"url\":\"https:\\\/\\\/grupoananta.com\\\/\",\"name\":\"Grupo Ananta\",\"description\":\"Sector restauraci&oacute;n en M&aacute;laga\",\"publisher\":{\"@id\":\"https:\\\/\\\/grupoananta.com\\\/#organization\"},\"potentialAction\":[{\"@type\":\"SearchAction\",\"target\":{\"@type\":\"EntryPoint\",\"urlTemplate\":\"https:\\\/\\\/grupoananta.com\\\/?s={search_term_string}\"},\"query-input\":{\"@type\":\"PropertyValueSpecification\",\"valueRequired\":true,\"valueName\":\"search_term_string\"}}],\"inLanguage\":\"en-GB\"},{\"@type\":\"Organization\",\"@id\":\"https:\\\/\\\/grupoananta.com\\\/#organization\",\"name\":\"Grupo Ananta\",\"url\":\"https:\\\/\\\/grupoananta.com\\\/\",\"logo\":{\"@type\":\"ImageObject\",\"inLanguage\":\"en-GB\",\"@id\":\"https:\\\/\\\/grupoananta.com\\\/#\\\/schema\\\/logo\\\/image\\\/\",\"url\":\"https:\\\/\\\/grupoananta.com\\\/wp-content\\\/uploads\\\/2025\\\/06\\\/LOGOTIPO-COLOR-ORIGINAL.png\",\"contentUrl\":\"https:\\\/\\\/grupoananta.com\\\/wp-content\\\/uploads\\\/2025\\\/06\\\/LOGOTIPO-COLOR-ORIGINAL.png\",\"width\":1562,\"height\":761,\"caption\":\"Grupo Ananta\"},\"image\":{\"@id\":\"https:\\\/\\\/grupoananta.com\\\/#\\\/schema\\\/logo\\\/image\\\/\"},\"sameAs\":[\"https:\\\/\\\/www.instagram.com\\\/grupo.ananta\\\/\"]}]}<\/script>\n<!-- \/ Yoast SEO plugin. -->","yoast_head_json":{"title":"Work with us - Ananta Group","description":"Work with us, Grupo Ananta, a leading business group in the restaurant sector in M\u00e1laga. It is the union of Grupo Amigos and Grupo Laguna.","robots":{"index":"index","follow":"follow","max-snippet":"max-snippet:-1","max-image-preview":"max-image-preview:large","max-video-preview":"max-video-preview:-1"},"canonical":"https:\/\/grupoananta.com\/en\/trabaja-con-nosotros\/","og_locale":"en_GB","og_type":"article","og_title":"Trabaja con nosotros - Grupo Ananta","og_description":"Trabaja con nosotros, Grupo Ananta un grupo empresarial de referencia en el sector de la restauraci\u00f3n en M\u00e1laga. Es la uni\u00f3n de Grupo Amigos y Grupo Laguna.","og_url":"https:\/\/grupoananta.com\/en\/trabaja-con-nosotros\/","og_site_name":"Grupo Ananta","article_publisher":"https:\/\/www.instagram.com\/grupo.ananta\/","article_modified_time":"2025-08-19T14:03:25+00:00","og_image":[{"width":1500,"height":1408,"url":"https:\/\/grupoananta.com\/wp-content\/uploads\/2025\/06\/Crece-con-nosotros.jpg","type":"image\/jpeg"}],"twitter_card":"summary_large_image","twitter_misc":{"Estimated reading time":"1 minute"},"schema":{"@context":"https:\/\/schema.org","@graph":[{"@type":"WebPage","@id":"https:\/\/grupoananta.com\/trabaja-con-nosotros\/","url":"https:\/\/grupoananta.com\/trabaja-con-nosotros\/","name":"Work with us - Ananta Group","isPartOf":{"@id":"https:\/\/grupoananta.com\/#website"},"primaryImageOfPage":{"@id":"https:\/\/grupoananta.com\/trabaja-con-nosotros\/#primaryimage"},"image":{"@id":"https:\/\/grupoananta.com\/trabaja-con-nosotros\/#primaryimage"},"thumbnailUrl":"https:\/\/grupoananta.com\/wp-content\/uploads\/2025\/06\/Crece-con-nosotros.jpg","datePublished":"2025-06-13T08:04:16+00:00","dateModified":"2025-08-19T14:03:25+00:00","description":"Work with us, Grupo Ananta, a leading business group in the restaurant sector in M\u00e1laga. It is the union of Grupo Amigos and Grupo Laguna.","breadcrumb":{"@id":"https:\/\/grupoananta.com\/trabaja-con-nosotros\/#breadcrumb"},"inLanguage":"en-GB","potentialAction":[{"@type":"ReadAction","target":["https:\/\/grupoananta.com\/trabaja-con-nosotros\/"]}]},{"@type":"ImageObject","inLanguage":"en-GB","@id":"https:\/\/grupoananta.com\/trabaja-con-nosotros\/#primaryimage","url":"https:\/\/grupoananta.com\/wp-content\/uploads\/2025\/06\/Crece-con-nosotros.jpg","contentUrl":"https:\/\/grupoananta.com\/wp-content\/uploads\/2025\/06\/Crece-con-nosotros.jpg","width":1500,"height":1408},{"@type":"BreadcrumbList","@id":"https:\/\/grupoananta.com\/trabaja-con-nosotros\/#breadcrumb","itemListElement":[{"@type":"ListItem","position":1,"name":"Portada","item":"https:\/\/grupoananta.com\/"},{"@type":"ListItem","position":2,"name":"Trabaja con nosotros"}]},{"@type":"WebSite","@id":"https:\/\/grupoananta.com\/#website","url":"https:\/\/grupoananta.com\/","name":"Ananta Group","description":"Restaurant sector in Malaga","publisher":{"@id":"https:\/\/grupoananta.com\/#organization"},"potentialAction":[{"@type":"SearchAction","target":{"@type":"EntryPoint","urlTemplate":"https:\/\/grupoananta.com\/?s={search_term_string}"},"query-input":{"@type":"PropertyValueSpecification","valueRequired":true,"valueName":"search_term_string"}}],"inLanguage":"en-GB"},{"@type":"Organization","@id":"https:\/\/grupoananta.com\/#organization","name":"Ananta Group","url":"https:\/\/grupoananta.com\/","logo":{"@type":"ImageObject","inLanguage":"en-GB","@id":"https:\/\/grupoananta.com\/#\/schema\/logo\/image\/","url":"https:\/\/grupoananta.com\/wp-content\/uploads\/2025\/06\/LOGOTIPO-COLOR-ORIGINAL.png","contentUrl":"https:\/\/grupoananta.com\/wp-content\/uploads\/2025\/06\/LOGOTIPO-COLOR-ORIGINAL.png","width":1562,"height":761,"caption":"Grupo Ananta"},"image":{"@id":"https:\/\/grupoananta.com\/#\/schema\/logo\/image\/"},"sameAs":["https:\/\/www.instagram.com\/grupo.ananta\/"]}]}},"_links":{"self":[{"href":"https:\/\/grupoananta.com\/en\/wp-json\/wp\/v2\/pages\/70","targetHints":{"allow":["GET"]}}],"collection":[{"href":"https:\/\/grupoananta.com\/en\/wp-json\/wp\/v2\/pages"}],"about":[{"href":"https:\/\/grupoananta.com\/en\/wp-json\/wp\/v2\/types\/page"}],"author":[{"embeddable":true,"href":"https:\/\/grupoananta.com\/en\/wp-json\/wp\/v2\/users\/1"}],"replies":[{"embeddable":true,"href":"https:\/\/grupoananta.com\/en\/wp-json\/wp\/v2\/comments?post=70"}],"version-history":[{"count":55,"href":"https:\/\/grupoananta.com\/en\/wp-json\/wp\/v2\/pages\/70\/revisions"}],"predecessor-version":[{"id":1143,"href":"https:\/\/grupoananta.com\/en\/wp-json\/wp\/v2\/pages\/70\/revisions\/1143"}],"wp:featuredmedia":[{"embeddable":true,"href":"https:\/\/grupoananta.com\/en\/wp-json\/wp\/v2\/media\/341"}],"wp:attachment":[{"href":"https:\/\/grupoananta.com\/en\/wp-json\/wp\/v2\/media?parent=70"}],"curies":[{"name":"wp","href":"https:\/\/api.w.org\/{rel}","templated":true}]}}