{"id":76,"date":"2025-06-13T08:04:53","date_gmt":"2025-06-13T08:04:53","guid":{"rendered":"https:\/\/grupoananta.com\/?page_id=76"},"modified":"2025-07-15T09:50:49","modified_gmt":"2025-07-15T09:50:49","slug":"aviso-legal","status":"publish","type":"page","link":"https:\/\/grupoananta.com\/en\/aviso-legal\/","title":{"rendered":"Legal notice"},"content":{"rendered":"<p>Access to and use of the website is subject to this legal notice, in order to comply with the obligations set forth in Law 34\/2002 on Information Society Services and Electronic Commerce (LSSI-CE). Therefore, we recommend that you read it. As a user, you agree to use the website in accordance with the provisions set forth herein, as well as with the legal regulations in force at the time of use.<\/p>\n\n\n\n<p><br>1. IDENTIFICATION DATA<\/p>\n\n\n\n<p>In compliance with the provisions of Article 10 of the LSSICE (Spanish Social Security Institute), we inform you of the identifying details of the entities operating under the name Mesa Redonda:<br>\u2022 Company name: Mesa Redonda Consultants SL<br>\u2022 Trade name: Round Table<br>\u2022 CIF: B93546091<br>\u2022 Address: Avda. Vicente Aleixandre 12, 29631 Benalm\u00e1dena<br>\u2022 Telephone: 952 37 90 66<br>\u2022 Email: info@mesaredonda.es<br>\u2022 Company registration data:<br>Registered in the Commercial Registry of the Province of Malaga, Volume 5617, Folio 125, Sheet MA-139497.<\/p>\n\n\n\n<p><br>2. OBJECT<\/p>\n\n\n\n<p>This legal notice regulates access to and use of the website hosted under the domain www.grupoananta.com, hereinafter (the Website), as well as the content, products, and services made available to its users (hereinafter the &quot;Users&quot;).<\/p>\n\n\n\n<p>3. HYPERLINKS<\/p>\n\n\n\n<p>The Website may include links to other websites managed by third parties over whose content Mesa Redonda has no control, and therefore assumes no liability for them. In any case, the redirection to said website and any content that may violate national or international law, morality, or public order will be immediately removed, and the relevant authorities will be notified.<\/p>\n\n\n\n<p><br>4. INTELLECTUAL AND INDUSTRIAL PROPERTY<\/p>\n\n\n\n<p>The Website, including but not limited to its programming, editing, compilation, and other elements necessary for its operation, designs, logos, text, and\/or graphics, is the property of Mesa Redonda or, where applicable, has been licensed or authorized by the authors. All content on the Website is duly protected by Spanish and international intellectual and industrial property regulations and is registered in the corresponding public registries.<br>Regardless of their intended purpose, the total or partial reproduction, use, exploitation, distribution, and commercialization always requires prior written authorization. Any unauthorized use will be considered a serious violation of the author&#039;s intellectual or industrial property rights. Designs, logos, text, and\/or graphics not belonging to Mesa Redonda and that may appear on the Website belong to their respective owners, who are responsible for any dispute that may arise regarding them.<\/p>\n\n\n\n<p>To make any kind of observation regarding possible breaches of intellectual or industrial property rights, as well as any of the contents of the Website, you can send an email to laboral@mesaredonda.es<br>Mesa Redonda expressly reserves the right to take any civil and criminal action that may be appropriate as a result of the violation of peaceful possession and\/or unauthorized ownership of industrial and intellectual property rights.<\/p>\n\n\n\n<p><br>5. PRIVACY POLICY<\/p>\n\n\n\n<p>Pursuant to applicable data protection regulations, all personal data you provide through the corresponding forms while using the Website will be treated confidentially by Mesa Redonda and in accordance with applicable data protection regulations. It will not be disclosed to third parties unless required to fulfill contractual obligations or by legal obligation. Further information can be found in the Website Privacy Policy.<\/p>","protected":false},"excerpt":{"rendered":"<p>El acceso y uso del sitio web est\u00e1 sujeto al presente aviso legal, para dar cumplimiento a las obligaciones dispuestas en la Ley 34\/2002, de Servicios de la Sociedad de la Informaci\u00f3n y del Comercio Electr\u00f3nico (LSSI-CE), por lo que se recomienda su lectura. Como usuario se compromete a utilizarlo de conformidad con lo aqu\u00ed [&hellip;]<\/p>\n","protected":false},"author":1,"featured_media":0,"parent":0,"menu_order":0,"comment_status":"closed","ping_status":"closed","template":"","meta":{"footnotes":""},"class_list":["post-76","page","type-page","status-publish","hentry"],"blocksy_meta":[],"yoast_head":"<!-- This site is optimized with the Yoast SEO plugin v27.4 - https:\/\/yoast.com\/product\/yoast-seo-wordpress\/ -->\n<title>Aviso legal - Grupo Ananta<\/title>\n<meta name=\"robots\" content=\"noindex, nofollow\" \/>\n<meta property=\"og:locale\" content=\"en_GB\" \/>\n<meta property=\"og:type\" content=\"article\" \/>\n<meta property=\"og:title\" content=\"Aviso legal - Grupo Ananta\" \/>\n<meta property=\"og:description\" content=\"El acceso y uso del sitio web est\u00e1 sujeto al presente aviso legal, para dar cumplimiento a las obligaciones dispuestas en la Ley 34\/2002, de Servicios de la Sociedad de la Informaci\u00f3n y del Comercio Electr\u00f3nico (LSSI-CE), por lo que se recomienda su lectura. Como usuario se compromete a utilizarlo de conformidad con lo aqu\u00ed [&hellip;]\" \/>\n<meta property=\"og:url\" content=\"https:\/\/grupoananta.com\/en\/aviso-legal\/\" \/>\n<meta property=\"og:site_name\" content=\"Grupo Ananta\" \/>\n<meta property=\"article:publisher\" content=\"https:\/\/www.instagram.com\/grupo.ananta\/\" \/>\n<meta property=\"article:modified_time\" content=\"2025-07-15T09:50:49+00:00\" \/>\n<meta name=\"twitter:card\" content=\"summary_large_image\" \/>\n<meta name=\"twitter:label1\" content=\"Estimated reading time\" \/>\n\t<meta name=\"twitter:data1\" content=\"3 minutes\" \/>\n<script type=\"application\/ld+json\" class=\"yoast-schema-graph\">{\"@context\":\"https:\\\/\\\/schema.org\",\"@graph\":[{\"@type\":\"WebPage\",\"@id\":\"https:\\\/\\\/grupoananta.com\\\/aviso-legal\\\/\",\"url\":\"https:\\\/\\\/grupoananta.com\\\/aviso-legal\\\/\",\"name\":\"Aviso legal - Grupo Ananta\",\"isPartOf\":{\"@id\":\"https:\\\/\\\/grupoananta.com\\\/#website\"},\"datePublished\":\"2025-06-13T08:04:53+00:00\",\"dateModified\":\"2025-07-15T09:50:49+00:00\",\"breadcrumb\":{\"@id\":\"https:\\\/\\\/grupoananta.com\\\/aviso-legal\\\/#breadcrumb\"},\"inLanguage\":\"en-GB\",\"potentialAction\":[{\"@type\":\"ReadAction\",\"target\":[\"https:\\\/\\\/grupoananta.com\\\/aviso-legal\\\/\"]}]},{\"@type\":\"BreadcrumbList\",\"@id\":\"https:\\\/\\\/grupoananta.com\\\/aviso-legal\\\/#breadcrumb\",\"itemListElement\":[{\"@type\":\"ListItem\",\"position\":1,\"name\":\"Portada\",\"item\":\"https:\\\/\\\/grupoananta.com\\\/\"},{\"@type\":\"ListItem\",\"position\":2,\"name\":\"Aviso legal\"}]},{\"@type\":\"WebSite\",\"@id\":\"https:\\\/\\\/grupoananta.com\\\/#website\",\"url\":\"https:\\\/\\\/grupoananta.com\\\/\",\"name\":\"Grupo Ananta\",\"description\":\"Sector restauraci&oacute;n en M&aacute;laga\",\"publisher\":{\"@id\":\"https:\\\/\\\/grupoananta.com\\\/#organization\"},\"potentialAction\":[{\"@type\":\"SearchAction\",\"target\":{\"@type\":\"EntryPoint\",\"urlTemplate\":\"https:\\\/\\\/grupoananta.com\\\/?s={search_term_string}\"},\"query-input\":{\"@type\":\"PropertyValueSpecification\",\"valueRequired\":true,\"valueName\":\"search_term_string\"}}],\"inLanguage\":\"en-GB\"},{\"@type\":\"Organization\",\"@id\":\"https:\\\/\\\/grupoananta.com\\\/#organization\",\"name\":\"Grupo Ananta\",\"url\":\"https:\\\/\\\/grupoananta.com\\\/\",\"logo\":{\"@type\":\"ImageObject\",\"inLanguage\":\"en-GB\",\"@id\":\"https:\\\/\\\/grupoananta.com\\\/#\\\/schema\\\/logo\\\/image\\\/\",\"url\":\"https:\\\/\\\/grupoananta.com\\\/wp-content\\\/uploads\\\/2025\\\/06\\\/LOGOTIPO-COLOR-ORIGINAL.png\",\"contentUrl\":\"https:\\\/\\\/grupoananta.com\\\/wp-content\\\/uploads\\\/2025\\\/06\\\/LOGOTIPO-COLOR-ORIGINAL.png\",\"width\":1562,\"height\":761,\"caption\":\"Grupo Ananta\"},\"image\":{\"@id\":\"https:\\\/\\\/grupoananta.com\\\/#\\\/schema\\\/logo\\\/image\\\/\"},\"sameAs\":[\"https:\\\/\\\/www.instagram.com\\\/grupo.ananta\\\/\"]}]}<\/script>\n<!-- \/ Yoast SEO plugin. -->","yoast_head_json":{"title":"Legal notice - Ananta Group","robots":{"index":"noindex","follow":"nofollow"},"og_locale":"en_GB","og_type":"article","og_title":"Aviso legal - Grupo Ananta","og_description":"El acceso y uso del sitio web est\u00e1 sujeto al presente aviso legal, para dar cumplimiento a las obligaciones dispuestas en la Ley 34\/2002, de Servicios de la Sociedad de la Informaci\u00f3n y del Comercio Electr\u00f3nico (LSSI-CE), por lo que se recomienda su lectura. Como usuario se compromete a utilizarlo de conformidad con lo aqu\u00ed [&hellip;]","og_url":"https:\/\/grupoananta.com\/en\/aviso-legal\/","og_site_name":"Grupo Ananta","article_publisher":"https:\/\/www.instagram.com\/grupo.ananta\/","article_modified_time":"2025-07-15T09:50:49+00:00","twitter_card":"summary_large_image","twitter_misc":{"Estimated reading time":"3 minutes"},"schema":{"@context":"https:\/\/schema.org","@graph":[{"@type":"WebPage","@id":"https:\/\/grupoananta.com\/aviso-legal\/","url":"https:\/\/grupoananta.com\/aviso-legal\/","name":"Legal notice - Ananta Group","isPartOf":{"@id":"https:\/\/grupoananta.com\/#website"},"datePublished":"2025-06-13T08:04:53+00:00","dateModified":"2025-07-15T09:50:49+00:00","breadcrumb":{"@id":"https:\/\/grupoananta.com\/aviso-legal\/#breadcrumb"},"inLanguage":"en-GB","potentialAction":[{"@type":"ReadAction","target":["https:\/\/grupoananta.com\/aviso-legal\/"]}]},{"@type":"BreadcrumbList","@id":"https:\/\/grupoananta.com\/aviso-legal\/#breadcrumb","itemListElement":[{"@type":"ListItem","position":1,"name":"Portada","item":"https:\/\/grupoananta.com\/"},{"@type":"ListItem","position":2,"name":"Aviso legal"}]},{"@type":"WebSite","@id":"https:\/\/grupoananta.com\/#website","url":"https:\/\/grupoananta.com\/","name":"Ananta Group","description":"Restaurant sector in Malaga","publisher":{"@id":"https:\/\/grupoananta.com\/#organization"},"potentialAction":[{"@type":"SearchAction","target":{"@type":"EntryPoint","urlTemplate":"https:\/\/grupoananta.com\/?s={search_term_string}"},"query-input":{"@type":"PropertyValueSpecification","valueRequired":true,"valueName":"search_term_string"}}],"inLanguage":"en-GB"},{"@type":"Organization","@id":"https:\/\/grupoananta.com\/#organization","name":"Ananta Group","url":"https:\/\/grupoananta.com\/","logo":{"@type":"ImageObject","inLanguage":"en-GB","@id":"https:\/\/grupoananta.com\/#\/schema\/logo\/image\/","url":"https:\/\/grupoananta.com\/wp-content\/uploads\/2025\/06\/LOGOTIPO-COLOR-ORIGINAL.png","contentUrl":"https:\/\/grupoananta.com\/wp-content\/uploads\/2025\/06\/LOGOTIPO-COLOR-ORIGINAL.png","width":1562,"height":761,"caption":"Grupo Ananta"},"image":{"@id":"https:\/\/grupoananta.com\/#\/schema\/logo\/image\/"},"sameAs":["https:\/\/www.instagram.com\/grupo.ananta\/"]}]}},"_links":{"self":[{"href":"https:\/\/grupoananta.com\/en\/wp-json\/wp\/v2\/pages\/76","targetHints":{"allow":["GET"]}}],"collection":[{"href":"https:\/\/grupoananta.com\/en\/wp-json\/wp\/v2\/pages"}],"about":[{"href":"https:\/\/grupoananta.com\/en\/wp-json\/wp\/v2\/types\/page"}],"author":[{"embeddable":true,"href":"https:\/\/grupoananta.com\/en\/wp-json\/wp\/v2\/users\/1"}],"replies":[{"embeddable":true,"href":"https:\/\/grupoananta.com\/en\/wp-json\/wp\/v2\/comments?post=76"}],"version-history":[{"count":2,"href":"https:\/\/grupoananta.com\/en\/wp-json\/wp\/v2\/pages\/76\/revisions"}],"predecessor-version":[{"id":870,"href":"https:\/\/grupoananta.com\/en\/wp-json\/wp\/v2\/pages\/76\/revisions\/870"}],"wp:attachment":[{"href":"https:\/\/grupoananta.com\/en\/wp-json\/wp\/v2\/media?parent=76"}],"curies":[{"name":"wp","href":"https:\/\/api.w.org\/{rel}","templated":true}]}}